{"id":76,"date":"2024-02-12T15:37:23","date_gmt":"2024-02-12T14:37:23","guid":{"rendered":"https:\/\/akupunktur.kowald.org\/?page_id=76"},"modified":"2024-02-12T17:37:22","modified_gmt":"2024-02-12T16:37:22","slug":"impressum","status":"publish","type":"page","link":"https:\/\/akupunktur.kowald.org\/?page_id=76","title":{"rendered":"Impressum"},"content":{"rendered":"\n<p>Verantwortlich f\u00fcr Inhalte dieser Homepage gem. \u00a75 TMG: Dr. Kerstin Kowald<\/p>\n\n\n\n<p>Zust\u00e4ndige Kammer: Bezirks\u00e4rztekammer Nordbaden<\/p>\n\n\n\n<p>Berufsbezeichnung: Fach\u00e4rztin f\u00fcr Frauenheilkunde und Geburtshilfe<\/p>\n\n\n\n<p>Approbationserteilung: Landes\u00e4rztekammer Baden-W\u00fcrttemberg<\/p>\n\n\n\n<p>Berufsordnung: Landes\u00e4rztekammer Baden-W\u00fcrttemberg. Die Berufsordnung ist \u00fcber die Homepage dieser einzusehen. <a href=\"https:\/\/www.aerztekammer-bw.de\/kammerrecht\">https:\/\/www.aerztekammer-bw.de\/kammerrecht<\/a><\/p>\n","protected":false},"excerpt":{"rendered":"<p>Verantwortlich f\u00fcr Inhalte dieser Homepage gem. \u00a75 TMG: Dr. Kerstin Kowald Zust\u00e4ndige Kammer: Bezirks\u00e4rztekammer Nordbaden Berufsbezeichnung: Fach\u00e4rztin f\u00fcr Frauenheilkunde und Geburtshilfe Approbationserteilung: Landes\u00e4rztekammer Baden-W\u00fcrttemberg Berufsordnung: Landes\u00e4rztekammer Baden-W\u00fcrttemberg. Die Berufsordnung ist \u00fcber die Homepage dieser einzusehen. https:\/\/www.aerztekammer-bw.de\/kammerrecht<\/p>\n","protected":false},"author":1,"featured_media":0,"parent":0,"menu_order":0,"comment_status":"closed","ping_status":"closed","template":"","meta":{"footnotes":""},"class_list":["post-76","page","type-page","status-publish","hentry"],"yoast_head":"<!-- This site is optimized with the Yoast SEO plugin v21.9.1 - https:\/\/yoast.com\/wordpress\/plugins\/seo\/ -->\n<title>Impressum - Akupunkturpraxis Kowald<\/title>\n<meta name=\"robots\" content=\"index, follow, max-snippet:-1, max-image-preview:large, max-video-preview:-1\" \/>\n<link rel=\"canonical\" href=\"https:\/\/akupunktur.kowald.org\/?page_id=76\" \/>\n<meta property=\"og:locale\" content=\"de_DE\" \/>\n<meta property=\"og:type\" content=\"article\" \/>\n<meta property=\"og:title\" content=\"Impressum - Akupunkturpraxis Kowald\" \/>\n<meta property=\"og:description\" content=\"Verantwortlich f\u00fcr Inhalte dieser Homepage gem. \u00a75 TMG: Dr. Kerstin Kowald Zust\u00e4ndige Kammer: Bezirks\u00e4rztekammer Nordbaden Berufsbezeichnung: Fach\u00e4rztin f\u00fcr Frauenheilkunde und Geburtshilfe Approbationserteilung: Landes\u00e4rztekammer Baden-W\u00fcrttemberg Berufsordnung: Landes\u00e4rztekammer Baden-W\u00fcrttemberg. Die Berufsordnung ist \u00fcber die Homepage dieser einzusehen. https:\/\/www.aerztekammer-bw.de\/kammerrecht\" \/>\n<meta property=\"og:url\" content=\"https:\/\/akupunktur.kowald.org\/?page_id=76\" \/>\n<meta property=\"og:site_name\" content=\"Akupunkturpraxis Kowald\" \/>\n<meta property=\"article:modified_time\" content=\"2024-02-12T16:37:22+00:00\" \/>\n<meta name=\"twitter:card\" content=\"summary_large_image\" \/>\n<meta name=\"twitter:label1\" content=\"Gesch\u00e4tzte Lesezeit\" \/>\n\t<meta name=\"twitter:data1\" content=\"1\u00a0Minute\" \/>\n<script type=\"application\/ld+json\" class=\"yoast-schema-graph\">{\"@context\":\"https:\/\/schema.org\",\"@graph\":[{\"@type\":\"WebPage\",\"@id\":\"https:\/\/akupunktur.kowald.org\/?page_id=76\",\"url\":\"https:\/\/akupunktur.kowald.org\/?page_id=76\",\"name\":\"Impressum - Akupunkturpraxis Kowald\",\"isPartOf\":{\"@id\":\"https:\/\/akupunktur.kowald.org\/#website\"},\"datePublished\":\"2024-02-12T14:37:23+00:00\",\"dateModified\":\"2024-02-12T16:37:22+00:00\",\"breadcrumb\":{\"@id\":\"https:\/\/akupunktur.kowald.org\/?page_id=76#breadcrumb\"},\"inLanguage\":\"de\",\"potentialAction\":[{\"@type\":\"ReadAction\",\"target\":[\"https:\/\/akupunktur.kowald.org\/?page_id=76\"]}]},{\"@type\":\"BreadcrumbList\",\"@id\":\"https:\/\/akupunktur.kowald.org\/?page_id=76#breadcrumb\",\"itemListElement\":[{\"@type\":\"ListItem\",\"position\":1,\"name\":\"Startseite\",\"item\":\"https:\/\/akupunktur.kowald.org\/\"},{\"@type\":\"ListItem\",\"position\":2,\"name\":\"Impressum\"}]},{\"@type\":\"WebSite\",\"@id\":\"https:\/\/akupunktur.kowald.org\/#website\",\"url\":\"https:\/\/akupunktur.kowald.org\/\",\"name\":\"Akupunkturpraxis Kowald\",\"description\":\"Traditionelle Chinesische Medizin in Karlsruhe\",\"publisher\":{\"@id\":\"https:\/\/akupunktur.kowald.org\/#organization\"},\"potentialAction\":[{\"@type\":\"SearchAction\",\"target\":{\"@type\":\"EntryPoint\",\"urlTemplate\":\"https:\/\/akupunktur.kowald.org\/?s={search_term_string}\"},\"query-input\":\"required name=search_term_string\"}],\"inLanguage\":\"de\"},{\"@type\":\"Organization\",\"@id\":\"https:\/\/akupunktur.kowald.org\/#organization\",\"name\":\"Akupunkturpraxis Kowald\",\"url\":\"https:\/\/akupunktur.kowald.org\/\",\"logo\":{\"@type\":\"ImageObject\",\"inLanguage\":\"de\",\"@id\":\"https:\/\/akupunktur.kowald.org\/#\/schema\/logo\/image\/\",\"url\":\"https:\/\/akupunktur.kowald.org\/wp-content\/uploads\/2024\/02\/cropped-akupunkturpraxis_kowald_logo-2.png\",\"contentUrl\":\"https:\/\/akupunktur.kowald.org\/wp-content\/uploads\/2024\/02\/cropped-akupunkturpraxis_kowald_logo-2.png\",\"width\":250,\"height\":250,\"caption\":\"Akupunkturpraxis Kowald\"},\"image\":{\"@id\":\"https:\/\/akupunktur.kowald.org\/#\/schema\/logo\/image\/\"}}]}<\/script>\n<!-- \/ Yoast SEO plugin. -->","yoast_head_json":{"title":"Impressum - Akupunkturpraxis Kowald","robots":{"index":"index","follow":"follow","max-snippet":"max-snippet:-1","max-image-preview":"max-image-preview:large","max-video-preview":"max-video-preview:-1"},"canonical":"https:\/\/akupunktur.kowald.org\/?page_id=76","og_locale":"de_DE","og_type":"article","og_title":"Impressum - Akupunkturpraxis Kowald","og_description":"Verantwortlich f\u00fcr Inhalte dieser Homepage gem. \u00a75 TMG: Dr. Kerstin Kowald Zust\u00e4ndige Kammer: Bezirks\u00e4rztekammer Nordbaden Berufsbezeichnung: Fach\u00e4rztin f\u00fcr Frauenheilkunde und Geburtshilfe Approbationserteilung: Landes\u00e4rztekammer Baden-W\u00fcrttemberg Berufsordnung: Landes\u00e4rztekammer Baden-W\u00fcrttemberg. Die Berufsordnung ist \u00fcber die Homepage dieser einzusehen. https:\/\/www.aerztekammer-bw.de\/kammerrecht","og_url":"https:\/\/akupunktur.kowald.org\/?page_id=76","og_site_name":"Akupunkturpraxis Kowald","article_modified_time":"2024-02-12T16:37:22+00:00","twitter_card":"summary_large_image","twitter_misc":{"Gesch\u00e4tzte Lesezeit":"1\u00a0Minute"},"schema":{"@context":"https:\/\/schema.org","@graph":[{"@type":"WebPage","@id":"https:\/\/akupunktur.kowald.org\/?page_id=76","url":"https:\/\/akupunktur.kowald.org\/?page_id=76","name":"Impressum - Akupunkturpraxis Kowald","isPartOf":{"@id":"https:\/\/akupunktur.kowald.org\/#website"},"datePublished":"2024-02-12T14:37:23+00:00","dateModified":"2024-02-12T16:37:22+00:00","breadcrumb":{"@id":"https:\/\/akupunktur.kowald.org\/?page_id=76#breadcrumb"},"inLanguage":"de","potentialAction":[{"@type":"ReadAction","target":["https:\/\/akupunktur.kowald.org\/?page_id=76"]}]},{"@type":"BreadcrumbList","@id":"https:\/\/akupunktur.kowald.org\/?page_id=76#breadcrumb","itemListElement":[{"@type":"ListItem","position":1,"name":"Startseite","item":"https:\/\/akupunktur.kowald.org\/"},{"@type":"ListItem","position":2,"name":"Impressum"}]},{"@type":"WebSite","@id":"https:\/\/akupunktur.kowald.org\/#website","url":"https:\/\/akupunktur.kowald.org\/","name":"Akupunkturpraxis Kowald","description":"Traditionelle Chinesische Medizin in Karlsruhe","publisher":{"@id":"https:\/\/akupunktur.kowald.org\/#organization"},"potentialAction":[{"@type":"SearchAction","target":{"@type":"EntryPoint","urlTemplate":"https:\/\/akupunktur.kowald.org\/?s={search_term_string}"},"query-input":"required name=search_term_string"}],"inLanguage":"de"},{"@type":"Organization","@id":"https:\/\/akupunktur.kowald.org\/#organization","name":"Akupunkturpraxis Kowald","url":"https:\/\/akupunktur.kowald.org\/","logo":{"@type":"ImageObject","inLanguage":"de","@id":"https:\/\/akupunktur.kowald.org\/#\/schema\/logo\/image\/","url":"https:\/\/akupunktur.kowald.org\/wp-content\/uploads\/2024\/02\/cropped-akupunkturpraxis_kowald_logo-2.png","contentUrl":"https:\/\/akupunktur.kowald.org\/wp-content\/uploads\/2024\/02\/cropped-akupunkturpraxis_kowald_logo-2.png","width":250,"height":250,"caption":"Akupunkturpraxis Kowald"},"image":{"@id":"https:\/\/akupunktur.kowald.org\/#\/schema\/logo\/image\/"}}]}},"_links":{"self":[{"href":"https:\/\/akupunktur.kowald.org\/index.php?rest_route=\/wp\/v2\/pages\/76","targetHints":{"allow":["GET"]}}],"collection":[{"href":"https:\/\/akupunktur.kowald.org\/index.php?rest_route=\/wp\/v2\/pages"}],"about":[{"href":"https:\/\/akupunktur.kowald.org\/index.php?rest_route=\/wp\/v2\/types\/page"}],"author":[{"embeddable":true,"href":"https:\/\/akupunktur.kowald.org\/index.php?rest_route=\/wp\/v2\/users\/1"}],"replies":[{"embeddable":true,"href":"https:\/\/akupunktur.kowald.org\/index.php?rest_route=%2Fwp%2Fv2%2Fcomments&post=76"}],"version-history":[{"count":2,"href":"https:\/\/akupunktur.kowald.org\/index.php?rest_route=\/wp\/v2\/pages\/76\/revisions"}],"predecessor-version":[{"id":106,"href":"https:\/\/akupunktur.kowald.org\/index.php?rest_route=\/wp\/v2\/pages\/76\/revisions\/106"}],"wp:attachment":[{"href":"https:\/\/akupunktur.kowald.org\/index.php?rest_route=%2Fwp%2Fv2%2Fmedia&parent=76"}],"curies":[{"name":"wp","href":"https:\/\/api.w.org\/{rel}","templated":true}]}}